{"id":167,"date":"2018-12-12T08:45:53","date_gmt":"2018-12-12T13:45:53","guid":{"rendered":"https:\/\/dj.bourgy.net\/en\/?page_id=167"},"modified":"2019-02-22T11:44:49","modified_gmt":"2019-02-22T16:44:49","slug":"retro2008","status":"publish","type":"page","link":"https:\/\/dj.bourgy.net\/fr\/retro2008\/","title":{"rendered":"La Grande R\u00e9trospective Musicale de l'Ann\u00e9e MMVIII (Yearmix 2008)","raw":"La Grande R\u00e9trospective Musicale de l'Ann\u00e9e MMVIII (Yearmix 2008)"},"content":{"rendered":"<p><img decoding=\"async\" class=\"wp-image-684\" src=\"https:\/\/dj.bourgy.net\/wp-content\/uploads\/2019\/02\/retro2008_cover.jpg\" alt=\"\" \/><\/p>\n<p>Titre: La Grande R\u00e9trospective Musicale de l&rsquo;Ann\u00e9e MMVIII (Yearmix 2008)<br \/>\nArtiste: Artistes vari\u00e9s<br \/>\nMix\u00e9 par: Yves Bourgelas (DJ Bourg)<\/p>\n<p>Sorti: 5 d\u00e9cembre 2008<br \/>\nFormat: MP3 @ 320 kbps (VBR)<br \/>\nDur\u00e9e: 70 minutes 6 secondes<br \/>\nTaille: 136 Mo<br \/>\nGenre: Pop, Rock, R&rsquo;n&rsquo;B, Hip Hop, Dance, House, Trance, Hands-Up<\/p>\n<p>Playlist<br \/>\n\u00af\u00af\u00af\u00af\u00af\u00af\u00af\u00af<br \/>\n1. DJ Bourg Intro<br \/>\n2. Hedley &#8211; Old School<br \/>\n3. Kamsha &#8211; Turn It Up<br \/>\n4. Akon &#8211; Over The Edge<br \/>\n5. Usher &#8211; Love In This Club<br \/>\n6. Soulja Boy &#8211; Crank Dat<br \/>\n7. T.I. &#8211; Whatever You Like<br \/>\n8. T.I. feat. Rihanna &#8211; Live Your Life<br \/>\n9. Avril Lavigne &#8211; Hot<br \/>\n10. Theory Of A Deadman &#8211; All Or Nothing<br \/>\n11. Simple Plan &#8211; Save You<br \/>\n12. Simple Plan &#8211; Your Love Is A Lie<br \/>\n13. Maroon 5 &#8211; Wake Up Call<br \/>\n14. Rihanna &#8211; Take A Bow<br \/>\n15. 50 Cent &#8211; Get Up<br \/>\n16. Leona Lewis &#8211; Better In Time<br \/>\n17. Secondhand Serenade &#8211; Fall For You<br \/>\n18. C\u00e9line Dion &#8211; Alone<br \/>\n19. Crash Parallel &#8211; World We Know<br \/>\n20. One Republic &#8211; Stop And Stare<br \/>\n21. Divine Brown &#8211; Lay It On The Line<br \/>\n22. Eva Avila &#8211; Give Me The Music<br \/>\n23. Jordin Sparks &#8211; One Step At A Time<br \/>\n24. Kid Rock &#8211; All Summer Long<br \/>\n25. Leona Lewis &#8211; Bleeding Love<br \/>\n26. Maroon 5 feat. Rihanna &#8211; If I Never See You Again<br \/>\n27. Kat Deluna feat. Busta Rhymes &#8211; Run The Show<br \/>\n28. Alison Hinds feat. Elephant Man &#8211; Roll It Gal<br \/>\n29. The Tings Tings &#8211; Shut Up And Let Me Go<br \/>\n30. Keven Rudolf feat. Lil&rsquo; Wayne &#8211; Let It Rock<br \/>\n31. Natasha Bedingfield &#8211; Pocketful Of Sunshine<br \/>\n32. Kylie Minogue &#8211; Two Hearts<br \/>\n33. Justice &#8211; D.A.N.C.E.<br \/>\n34. Madonna feat. Justin Timberlake &#8211; 4 Minutes<br \/>\n35. Britney Spears &#8211; Gimme More<br \/>\n36. Sean Kingston &#8211; Take You There<br \/>\n37. Addictiv &#8211; Tonite<br \/>\n38. Madonna &#8211; Miles Away<br \/>\n39. Hedley &#8211; Never Too Late<br \/>\n40. Nickelback &#8211; Gotta Be Somebody<br \/>\n41. AC-DC &#8211; Rock &lsquo;N&rsquo; Roll Train<br \/>\n42. Estelle feat. Kanye West &#8211; American Boy<br \/>\n43. Akon feat. Kardinal Marshall &#8211; Dangerous<br \/>\n44. The Pussycat Dolls &#8211; When I Grow Up<br \/>\n45. Weezer &#8211; Pork And Beans<br \/>\n46. Lady GaGa feat. Colby O&rsquo;Donis &#8211; Just Dance<br \/>\n47. Lady GaGa &#8211; Poker Face<br \/>\n48. Chris Brown &#8211; Forever<br \/>\n49. Danity Kane &#8211; Damaged<br \/>\n50. Flo Rida feat. Timbaland &#8211; Elevator<br \/>\n51. Akon vs. Michael Jackson &#8211; Wanna Be Starting Something<br \/>\n52. Rihanna &#8211; Don&rsquo;t Stop The Music<br \/>\n53. Flo Rida feat. Will I Am &#8211; In The Ayer<br \/>\n54. Kat Deluna feat. Elephant Man &#8211; Whine Up<br \/>\n55. Rihanna &#8211; Disturbia<br \/>\n56. Pink &#8211; So What<br \/>\n57. Kate Ryan &#8211; Ella Elle l&rsquo;a<br \/>\n58. Axwell feat. Dirty South &amp; Rudy &#8211; Open Your Heart<br \/>\n59. Dennis The Menace &amp; Big World &#8211; Fired Up<br \/>\n60. Samim &#8211; Heater<br \/>\n61. Pitbull feat. Lil&rsquo; Jon &#8211; Krazy<br \/>\n62. Bodyrox &amp; Luciana &#8211; What Planet You On<br \/>\n63. Global Deejays feat. Rozalla &#8211; Everybody&rsquo;s Free<br \/>\n64. Madonna &#8211; Give It To Me<br \/>\n65. Enur feat. Natasja &#8211; Calabria<br \/>\n66. Sweaty Men feat. MC Lady &#8211; Party People<br \/>\n67. Yves Larock &#8211; By Your Side<br \/>\n68. Yves Larock &#8211; Rise Up<br \/>\n69. Marco Demark feat. Casey Barnes &#8211; Tiny Dancer<br \/>\n70. Yanou &#8211; Children Of The Sun<br \/>\n71. Eric Prydz &#8211; Pjanoo<br \/>\n72. Guru Josh Project &#8211; Infinity &rsquo;08<br \/>\n73. Dave Darrell &#8211; Children<br \/>\n74. Utah Saints &#8211; Something Good &rsquo;08<br \/>\n75. Klaas &#8211; The Way<br \/>\n76. The Outhere Brothers &#8211; Shake It<br \/>\n77. David Guetta feat. Tara McDonald &#8211; Delirious<br \/>\n78. Jean Elan &#8211; Where&rsquo;s Your Head At<br \/>\n79. Alex Gaudino &#8211; Watch Out<br \/>\n80. Ritmo Playaz feat. Paula P&rsquo;Cay &#8211; Get Together<br \/>\n81. Buy Now &#8211; Body Crash<br \/>\n82. Benny Benassi &#8211; I Am Not Drunk<br \/>\n83. Ali Payami vs. Aquagen &amp; The Warp Brothers &#8211; Blade<br \/>\n84. M.P.G. feat. Lady Trisha &#8211; Eat Me<br \/>\n85. Laidback Luke &#8211; Break The House Down<br \/>\n86. Outwork feat. Mr. Gee &#8211; Thank God For The Music<br \/>\n87. Royal Gigolos &#8211; Girls Just Wanna Dance<br \/>\n88. Santana feat. Chad Kroeger &#8211; Into The Night<br \/>\n89. Weezer &#8211; Troublemaker<br \/>\n90. Katy Perry &#8211; Hot &lsquo;N&rsquo; Cold<br \/>\n91. Katy Perry &#8211; I Kissed A Girl<br \/>\n92. Duffy &#8211; Mercy<br \/>\n93. Sharam feat. Daniel Bedingfield &#8211; The One<br \/>\n94. David Guetta &#8211; Tomorrow Can Wait<br \/>\n95. Flo Rida feat. T-Pain &#8211; Low<br \/>\n96. Eddy Wata &#8211; I Love My People<br \/>\n97. Ian Oliver feat. Shantel &#8211; Bucovina<br \/>\n98. Lexter &#8211; Freedom To Love<br \/>\n99. Mondotek &#8211; Alive<br \/>\n100. Mondotek &#8211; D-Generation<br \/>\n101. Vito V feat. Anna Berardi &#8211; Love Is Paradise<br \/>\n102. Bob Sinclar presents Fireball &#8211; What I Want<br \/>\n103. Laurent Wolf &#8211; No Stress<br \/>\n104. Michael Mind &#8211; Show Me Love<br \/>\n105. September &#8211; Cry For You<br \/>\n106. Benny Benassi feat. Channing &#8211; Come Fly Away<br \/>\n107. Laurent Wolf &#8211; Wash My World<br \/>\n108. Whigfield &#8211; Right In The Night<br \/>\n109. R.I.O. &#8211; Shine On<br \/>\n110. Waldo&rsquo;s People &#8211; Back Again<br \/>\n111. The Killers &#8211; Human<br \/>\n112. Coldplay &#8211; Viva La Vida<br \/>\n113. Akon &#8211; Right Now (Na Na)<br \/>\n114. The Real Booty Babes &#8211; Derb &rsquo;08<br \/>\n115. Brooklyn Bouunce &#8211; Get Ready To Bounce Recall<br \/>\n116. Britney Spears &#8211; Womanizer<br \/>\n117. Cascada &#8211; What Hurts The Most<br \/>\n118. Basshunter &#8211; All I Ever Wanted<br \/>\n119. Jan Wayne vs. Raindropz! &#8211; Numb<br \/>\n120. Basshunter &#8211; Now You&rsquo;re Gone<br \/>\n121. Scooter vs. Status Quo &#8211; Jump That Rock<br \/>\n122. Scooter &#8211; Jumping All Over The World<br \/>\n123. Amy Winehouse &#8211; Rehab<br \/>\n124. Metro Station &#8211; Shake It<br \/>\n125. Avril Lavigne &#8211; The Best Damn Thing<br \/>\n126. Lil&rsquo; Mama &#8211; The G-Slide<br \/>\n127. Pendulum &#8211; Propane Nightmares<\/p>\n<p style=\"text-align: center;\"><big><a href=\"https:\/\/www.mixcloud.com\/djbourg\/la-grande-r%C3%A9trospective-musicale-de-lann%C3%A9e-mmviii-yearmix-2008\/\">\u00c9COUTEZ ICI<\/a><\/big><br \/>\n(sur Mixcloud.com)<\/p>\n<p style=\"text-align: center;\"><big><a href=\"https:\/\/dj.bourgy.net\/music\/retro\/retro2008.rar\">T\u00c9L\u00c9CHARGEZ ICI<\/a><\/big><br \/>\n(Pour ouvrir les fichiers RAR, utilisez <a href=\"https:\/\/www.rarlab.com\/download.htm\">WinRAR)<\/a><\/p>","protected":false,"raw":"<img class=\"wp-image-684\" src=\"https:\/\/dj.bourgy.net\/wp-content\/uploads\/2019\/02\/retro2008_cover.jpg\" alt=\"\" \/>\r\n\r\nTitre: La Grande R\u00e9trospective Musicale de l'Ann\u00e9e MMVIII (Yearmix 2008)\r\nArtiste: Artistes vari\u00e9s\r\nMix\u00e9 par: Yves Bourgelas (DJ Bourg)\r\n\r\nSorti: 5 d\u00e9cembre 2008\r\nFormat: MP3 @ 320 kbps (VBR)\r\nDur\u00e9e: 70 minutes 6 secondes\r\nTaille: 136 Mo\r\nGenre: Pop, Rock, R'n'B, Hip Hop, Dance, House, Trance, Hands-Up\r\n\r\nPlaylist\r\n\u00af\u00af\u00af\u00af\u00af\u00af\u00af\u00af\r\n1. DJ Bourg Intro\r\n2. Hedley - Old School\r\n3. Kamsha - Turn It Up\r\n4. Akon - Over The Edge\r\n5. Usher - Love In This Club\r\n6. Soulja Boy - Crank Dat\r\n7. T.I. - Whatever You Like\r\n8. T.I. feat. Rihanna - Live Your Life\r\n9. Avril Lavigne - Hot\r\n10. Theory Of A Deadman - All Or Nothing\r\n11. Simple Plan - Save You\r\n12. Simple Plan - Your Love Is A Lie\r\n13. Maroon 5 - Wake Up Call\r\n14. Rihanna - Take A Bow\r\n15. 50 Cent - Get Up\r\n16. Leona Lewis - Better In Time\r\n17. Secondhand Serenade - Fall For You\r\n18. C\u00e9line Dion - Alone\r\n19. Crash Parallel - World We Know\r\n20. One Republic - Stop And Stare\r\n21. Divine Brown - Lay It On The Line\r\n22. Eva Avila - Give Me The Music\r\n23. Jordin Sparks - One Step At A Time\r\n24. Kid Rock - All Summer Long\r\n25. Leona Lewis - Bleeding Love\r\n26. Maroon 5 feat. Rihanna - If I Never See You Again\r\n27. Kat Deluna feat. Busta Rhymes - Run The Show\r\n28. Alison Hinds feat. Elephant Man - Roll It Gal\r\n29. The Tings Tings - Shut Up And Let Me Go\r\n30. Keven Rudolf feat. Lil' Wayne - Let It Rock\r\n31. Natasha Bedingfield - Pocketful Of Sunshine\r\n32. Kylie Minogue - Two Hearts\r\n33. Justice - D.A.N.C.E.\r\n34. Madonna feat. Justin Timberlake - 4 Minutes\r\n35. Britney Spears - Gimme More\r\n36. Sean Kingston - Take You There\r\n37. Addictiv - Tonite\r\n38. Madonna - Miles Away\r\n39. Hedley - Never Too Late\r\n40. Nickelback - Gotta Be Somebody\r\n41. AC-DC - Rock 'N' Roll Train\r\n42. Estelle feat. Kanye West - American Boy\r\n43. Akon feat. Kardinal Marshall - Dangerous\r\n44. The Pussycat Dolls - When I Grow Up\r\n45. Weezer - Pork And Beans\r\n46. Lady GaGa feat. Colby O'Donis - Just Dance\r\n47. Lady GaGa - Poker Face\r\n48. Chris Brown - Forever\r\n49. Danity Kane - Damaged\r\n50. Flo Rida feat. Timbaland - Elevator\r\n51. Akon vs. Michael Jackson - Wanna Be Starting Something\r\n52. Rihanna - Don't Stop The Music\r\n53. Flo Rida feat. Will I Am - In The Ayer\r\n54. Kat Deluna feat. Elephant Man - Whine Up\r\n55. Rihanna - Disturbia\r\n56. Pink - So What\r\n57. Kate Ryan - Ella Elle l'a\r\n58. Axwell feat. Dirty South &amp; Rudy - Open Your Heart\r\n59. Dennis The Menace &amp; Big World - Fired Up\r\n60. Samim - Heater\r\n61. Pitbull feat. Lil' Jon - Krazy\r\n62. Bodyrox &amp; Luciana - What Planet You On\r\n63. Global Deejays feat. Rozalla - Everybody's Free\r\n64. Madonna - Give It To Me\r\n65. Enur feat. Natasja - Calabria\r\n66. Sweaty Men feat. MC Lady - Party People\r\n67. Yves Larock - By Your Side\r\n68. Yves Larock - Rise Up\r\n69. Marco Demark feat. Casey Barnes - Tiny Dancer\r\n70. Yanou - Children Of The Sun\r\n71. Eric Prydz - Pjanoo\r\n72. Guru Josh Project - Infinity '08\r\n73. Dave Darrell - Children\r\n74. Utah Saints - Something Good '08\r\n75. Klaas - The Way\r\n76. The Outhere Brothers - Shake It\r\n77. David Guetta feat. Tara McDonald - Delirious\r\n78. Jean Elan - Where's Your Head At\r\n79. Alex Gaudino - Watch Out\r\n80. Ritmo Playaz feat. Paula P'Cay - Get Together\r\n81. Buy Now - Body Crash\r\n82. Benny Benassi - I Am Not Drunk\r\n83. Ali Payami vs. Aquagen &amp; The Warp Brothers - Blade\r\n84. M.P.G. feat. Lady Trisha - Eat Me\r\n85. Laidback Luke - Break The House Down\r\n86. Outwork feat. Mr. Gee - Thank God For The Music\r\n87. Royal Gigolos - Girls Just Wanna Dance\r\n88. Santana feat. Chad Kroeger - Into The Night\r\n89. Weezer - Troublemaker\r\n90. Katy Perry - Hot 'N' Cold\r\n91. Katy Perry - I Kissed A Girl\r\n92. Duffy - Mercy\r\n93. Sharam feat. Daniel Bedingfield - The One\r\n94. David Guetta - Tomorrow Can Wait\r\n95. Flo Rida feat. T-Pain - Low\r\n96. Eddy Wata - I Love My People\r\n97. Ian Oliver feat. Shantel - Bucovina\r\n98. Lexter - Freedom To Love\r\n99. Mondotek - Alive\r\n100. Mondotek - D-Generation\r\n101. Vito V feat. Anna Berardi - Love Is Paradise\r\n102. Bob Sinclar presents Fireball - What I Want\r\n103. Laurent Wolf - No Stress\r\n104. Michael Mind - Show Me Love\r\n105. September - Cry For You\r\n106. Benny Benassi feat. Channing - Come Fly Away\r\n107. Laurent Wolf - Wash My World\r\n108. Whigfield - Right In The Night\r\n109. R.I.O. - Shine On\r\n110. Waldo's People - Back Again\r\n111. The Killers - Human\r\n112. Coldplay - Viva La Vida\r\n113. Akon - Right Now (Na Na)\r\n114. The Real Booty Babes - Derb '08\r\n115. Brooklyn Bouunce - Get Ready To Bounce Recall\r\n116. Britney Spears - Womanizer\r\n117. Cascada - What Hurts The Most\r\n118. Basshunter - All I Ever Wanted\r\n119. Jan Wayne vs. Raindropz! - Numb\r\n120. Basshunter - Now You're Gone\r\n121. Scooter vs. Status Quo - Jump That Rock\r\n122. Scooter - Jumping All Over The World\r\n123. Amy Winehouse - Rehab\r\n124. Metro Station - Shake It\r\n125. Avril Lavigne - The Best Damn Thing\r\n126. Lil' Mama - The G-Slide\r\n127. Pendulum - Propane Nightmares\r\n<p style=\"text-align: center;\"><big><a href=\"https:\/\/www.mixcloud.com\/djbourg\/la-grande-r%C3%A9trospective-musicale-de-lann%C3%A9e-mmviii-yearmix-2008\/\">\u00c9COUTEZ ICI<\/a><\/big>\r\n(sur Mixcloud.com)<\/p>\r\n<p style=\"text-align: center;\"><big><a href=\"https:\/\/dj.bourgy.net\/music\/retro\/retro2008.rar\">T\u00c9L\u00c9CHARGEZ ICI<\/a><\/big>\r\n(Pour ouvrir les fichiers RAR, utilisez <a href=\"https:\/\/www.rarlab.com\/download.htm\">WinRAR)<\/a><\/p>"},"excerpt":{"rendered":"","protected":false,"raw":""},"author":1,"featured_media":0,"parent":0,"menu_order":0,"comment_status":"closed","ping_status":"closed","template":"","meta":{"_en_post_content":"<img class=\"wp-image-684\" src=\"https:\/\/dj.bourgy.net\/wp-content\/uploads\/2019\/02\/retro2008_cover.jpg\" alt=\"\" \/>\r\n\r\nTitle: La Grande R\u00e9trospective Musicale de l'Ann\u00e9e MMVIII (Yearmix 2008)\r\nArtist: Various Artists\r\nMixed by: Yves Bourgelas (DJ Bourg)\r\n\r\nReleased: December 5th 2008\r\nFormat: MP3 @ 320 kbps (VBR)\r\nLength: 70 minutes 6 seconds\r\nSize: 136 MB\r\nGenre: Pop, Rock, R'n'B, Hip Hop, Dance, House, Trance, Hands-Up\r\n\r\nPlaylist\r\n\u00af\u00af\u00af\u00af\u00af\u00af\u00af\u00af\r\n1. DJ Bourg Intro\r\n2. Hedley - Old School\r\n3. Kamsha - Turn It Up\r\n4. Akon - Over The Edge\r\n5. Usher - Love In This Club\r\n6. Soulja Boy - Crank Dat\r\n7. T.I. - Whatever You Like\r\n8. T.I. feat. Rihanna - Live Your Life\r\n9. Avril Lavigne - Hot\r\n10. Theory Of A Deadman - All Or Nothing\r\n11. Simple Plan - Save You\r\n12. Simple Plan - Your Love Is A Lie\r\n13. Maroon 5 - Wake Up Call\r\n14. Rihanna - Take A Bow\r\n15. 50 Cent - Get Up\r\n16. Leona Lewis - Better In Time\r\n17. Secondhand Serenade - Fall For You\r\n18. C\u00e9line Dion - Alone\r\n19. Crash Parallel - World We Know\r\n20. One Republic - Stop And Stare\r\n21. Divine Brown - Lay It On The Line\r\n22. Eva Avila - Give Me The Music\r\n23. Jordin Sparks - One Step At A Time\r\n24. Kid Rock - All Summer Long\r\n25. Leona Lewis - Bleeding Love\r\n26. Maroon 5 feat. Rihanna - If I Never See You Again\r\n27. Kat Deluna feat. Busta Rhymes - Run The Show\r\n28. Alison Hinds feat. Elephant Man - Roll It Gal\r\n29. The Tings Tings - Shut Up And Let Me Go\r\n30. Keven Rudolf feat. Lil' Wayne - Let It Rock\r\n31. Natasha Bedingfield - Pocketful Of Sunshine\r\n32. Kylie Minogue - Two Hearts\r\n33. Justice - D.A.N.C.E.\r\n34. Madonna feat. Justin Timberlake - 4 Minutes\r\n35. Britney Spears - Gimme More\r\n36. Sean Kingston - Take You There\r\n37. Addictiv - Tonite\r\n38. Madonna - Miles Away\r\n39. Hedley - Never Too Late\r\n40. Nickelback - Gotta Be Somebody\r\n41. AC-DC - Rock 'N' Roll Train\r\n42. Estelle feat. Kanye West - American Boy\r\n43. Akon feat. Kardinal Marshall - Dangerous\r\n44. The Pussycat Dolls - When I Grow Up\r\n45. Weezer - Pork And Beans\r\n46. Lady GaGa feat. Colby O'Donis - Just Dance\r\n47. Lady GaGa - Poker Face\r\n48. Chris Brown - Forever\r\n49. Danity Kane - Damaged\r\n50. Flo Rida feat. Timbaland - Elevator\r\n51. Akon vs. Michael Jackson - Wanna Be Starting Something\r\n52. Rihanna - Don't Stop The Music\r\n53. Flo Rida feat. Will I Am - In The Ayer\r\n54. Kat Deluna feat. Elephant Man - Whine Up\r\n55. Rihanna - Disturbia\r\n56. Pink - So What\r\n57. Kate Ryan - Ella Elle l'a\r\n58. Axwell feat. Dirty South &amp; Rudy - Open Your Heart\r\n59. Dennis The Menace &amp; Big World - Fired Up\r\n60. Samim - Heater\r\n61. Pitbull feat. Lil' Jon - Krazy\r\n62. Bodyrox &amp; Luciana - What Planet You On\r\n63. Global Deejays feat. Rozalla - Everybody's Free\r\n64. Madonna - Give It To Me\r\n65. Enur feat. Natasja - Calabria\r\n66. Sweaty Men feat. MC Lady - Party People\r\n67. Yves Larock - By Your Side\r\n68. Yves Larock - Rise Up\r\n69. Marco Demark feat. Casey Barnes - Tiny Dancer\r\n70. Yanou - Children Of The Sun\r\n71. Eric Prydz - Pjanoo\r\n72. Guru Josh Project - Infinity '08\r\n73. Dave Darrell - Children\r\n74. Utah Saints - Something Good '08\r\n75. Klaas - The Way\r\n76. The Outhere Brothers - Shake It\r\n77. David Guetta feat. Tara McDonald - Delirious\r\n78. Jean Elan - Where's Your Head At\r\n79. Alex Gaudino - Watch Out\r\n80. Ritmo Playaz feat. Paula P'Cay - Get Together\r\n81. Buy Now - Body Crash\r\n82. Benny Benassi - I Am Not Drunk\r\n83. Ali Payami vs. Aquagen &amp; The Warp Brothers - Blade\r\n84. M.P.G. feat. Lady Trisha - Eat Me\r\n85. Laidback Luke - Break The House Down\r\n86. Outwork feat. Mr. Gee - Thank God For The Music\r\n87. Royal Gigolos - Girls Just Wanna Dance\r\n88. Santana feat. Chad Kroeger - Into The Night\r\n89. Weezer - Troublemaker\r\n90. Katy Perry - Hot 'N' Cold\r\n91. Katy Perry - I Kissed A Girl\r\n92. Duffy - Mercy\r\n93. Sharam feat. Daniel Bedingfield - The One\r\n94. David Guetta - Tomorrow Can Wait\r\n95. Flo Rida feat. T-Pain - Low\r\n96. Eddy Wata - I Love My People\r\n97. Ian Oliver feat. Shantel - Bucovina\r\n98. Lexter - Freedom To Love\r\n99. Mondotek - Alive\r\n100. Mondotek - D-Generation\r\n101. Vito V feat. Anna Berardi - Love Is Paradise\r\n102. Bob Sinclar presents Fireball - What I Want\r\n103. Laurent Wolf - No Stress\r\n104. Michael Mind - Show Me Love\r\n105. September - Cry For You\r\n106. Benny Benassi feat. Channing - Come Fly Away\r\n107. Laurent Wolf - Wash My World\r\n108. Whigfield - Right In The Night\r\n109. R.I.O. - Shine On\r\n110. Waldo's People - Back Again\r\n111. The Killers - Human\r\n112. Coldplay - Viva La Vida\r\n113. Akon - Right Now (Na Na)\r\n114. The Real Booty Babes - Derb '08\r\n115. Brooklyn Bouunce - Get Ready To Bounce Recall\r\n116. Britney Spears - Womanizer\r\n117. Cascada - What Hurts The Most\r\n118. Basshunter - All I Ever Wanted\r\n119. Jan Wayne vs. Raindropz! - Numb\r\n120. Basshunter - Now You're Gone\r\n121. Scooter vs. Status Quo - Jump That Rock\r\n122. Scooter - Jumping All Over The World\r\n123. Amy Winehouse - Rehab\r\n124. Metro Station - Shake It\r\n125. Avril Lavigne - The Best Damn Thing\r\n126. Lil' Mama - The G-Slide\r\n127. Pendulum - Propane Nightmares\r\n<p style=\"text-align: center;\"><big><a href=\"https:\/\/www.mixcloud.com\/djbourg\/la-grande-r%C3%A9trospective-musicale-de-lann%C3%A9e-mmviii-yearmix-2008\/\">LISTEN HERE<\/a><\/big>\r\n(on Mixcloud.com)<\/p>\r\n<p style=\"text-align: center;\"><big><a href=\"https:\/\/dj.bourgy.net\/music\/retro\/retro2008.rar\">DOWNLOAD HERE<\/a><\/big>\r\n(To open RAR files, use <a href=\"https:\/\/www.rarlab.com\/download.htm\">WinRAR)<\/a><\/p>","_en_post_name":"retro2008","_en_post_excerpt":"","_en_post_title":"La Grande R\u00e9trospective Musicale de l'Ann\u00e9e MMVIII (Yearmix 2008)","_fr_post_content":"<img class=\"wp-image-684\" src=\"https:\/\/dj.bourgy.net\/wp-content\/uploads\/2019\/02\/retro2008_cover.jpg\" alt=\"\" \/>\r\n\r\nTitre: La Grande R\u00e9trospective Musicale de l'Ann\u00e9e MMVIII (Yearmix 2008)\r\nArtiste: Artistes vari\u00e9s\r\nMix\u00e9 par: Yves Bourgelas (DJ Bourg)\r\n\r\nSorti: 5 d\u00e9cembre 2008\r\nFormat: MP3 @ 320 kbps (VBR)\r\nDur\u00e9e: 70 minutes 6 secondes\r\nTaille: 136 Mo\r\nGenre: Pop, Rock, R'n'B, Hip Hop, Dance, House, Trance, Hands-Up\r\n\r\nPlaylist\r\n\u00af\u00af\u00af\u00af\u00af\u00af\u00af\u00af\r\n1. DJ Bourg Intro\r\n2. Hedley - Old School\r\n3. Kamsha - Turn It Up\r\n4. Akon - Over The Edge\r\n5. Usher - Love In This Club\r\n6. Soulja Boy - Crank Dat\r\n7. T.I. - Whatever You Like\r\n8. T.I. feat. Rihanna - Live Your Life\r\n9. Avril Lavigne - Hot\r\n10. Theory Of A Deadman - All Or Nothing\r\n11. Simple Plan - Save You\r\n12. Simple Plan - Your Love Is A Lie\r\n13. Maroon 5 - Wake Up Call\r\n14. Rihanna - Take A Bow\r\n15. 50 Cent - Get Up\r\n16. Leona Lewis - Better In Time\r\n17. Secondhand Serenade - Fall For You\r\n18. C\u00e9line Dion - Alone\r\n19. Crash Parallel - World We Know\r\n20. One Republic - Stop And Stare\r\n21. Divine Brown - Lay It On The Line\r\n22. Eva Avila - Give Me The Music\r\n23. Jordin Sparks - One Step At A Time\r\n24. Kid Rock - All Summer Long\r\n25. Leona Lewis - Bleeding Love\r\n26. Maroon 5 feat. Rihanna - If I Never See You Again\r\n27. Kat Deluna feat. Busta Rhymes - Run The Show\r\n28. Alison Hinds feat. Elephant Man - Roll It Gal\r\n29. The Tings Tings - Shut Up And Let Me Go\r\n30. Keven Rudolf feat. Lil' Wayne - Let It Rock\r\n31. Natasha Bedingfield - Pocketful Of Sunshine\r\n32. Kylie Minogue - Two Hearts\r\n33. Justice - D.A.N.C.E.\r\n34. Madonna feat. Justin Timberlake - 4 Minutes\r\n35. Britney Spears - Gimme More\r\n36. Sean Kingston - Take You There\r\n37. Addictiv - Tonite\r\n38. Madonna - Miles Away\r\n39. Hedley - Never Too Late\r\n40. Nickelback - Gotta Be Somebody\r\n41. AC-DC - Rock 'N' Roll Train\r\n42. Estelle feat. Kanye West - American Boy\r\n43. Akon feat. Kardinal Marshall - Dangerous\r\n44. The Pussycat Dolls - When I Grow Up\r\n45. Weezer - Pork And Beans\r\n46. Lady GaGa feat. Colby O'Donis - Just Dance\r\n47. Lady GaGa - Poker Face\r\n48. Chris Brown - Forever\r\n49. Danity Kane - Damaged\r\n50. Flo Rida feat. Timbaland - Elevator\r\n51. Akon vs. Michael Jackson - Wanna Be Starting Something\r\n52. Rihanna - Don't Stop The Music\r\n53. Flo Rida feat. Will I Am - In The Ayer\r\n54. Kat Deluna feat. Elephant Man - Whine Up\r\n55. Rihanna - Disturbia\r\n56. Pink - So What\r\n57. Kate Ryan - Ella Elle l'a\r\n58. Axwell feat. Dirty South &amp; Rudy - Open Your Heart\r\n59. Dennis The Menace &amp; Big World - Fired Up\r\n60. Samim - Heater\r\n61. Pitbull feat. Lil' Jon - Krazy\r\n62. Bodyrox &amp; Luciana - What Planet You On\r\n63. Global Deejays feat. Rozalla - Everybody's Free\r\n64. Madonna - Give It To Me\r\n65. Enur feat. Natasja - Calabria\r\n66. Sweaty Men feat. MC Lady - Party People\r\n67. Yves Larock - By Your Side\r\n68. Yves Larock - Rise Up\r\n69. Marco Demark feat. Casey Barnes - Tiny Dancer\r\n70. Yanou - Children Of The Sun\r\n71. Eric Prydz - Pjanoo\r\n72. Guru Josh Project - Infinity '08\r\n73. Dave Darrell - Children\r\n74. Utah Saints - Something Good '08\r\n75. Klaas - The Way\r\n76. The Outhere Brothers - Shake It\r\n77. David Guetta feat. Tara McDonald - Delirious\r\n78. Jean Elan - Where's Your Head At\r\n79. Alex Gaudino - Watch Out\r\n80. Ritmo Playaz feat. Paula P'Cay - Get Together\r\n81. Buy Now - Body Crash\r\n82. Benny Benassi - I Am Not Drunk\r\n83. Ali Payami vs. Aquagen &amp; The Warp Brothers - Blade\r\n84. M.P.G. feat. Lady Trisha - Eat Me\r\n85. Laidback Luke - Break The House Down\r\n86. Outwork feat. Mr. Gee - Thank God For The Music\r\n87. Royal Gigolos - Girls Just Wanna Dance\r\n88. Santana feat. Chad Kroeger - Into The Night\r\n89. Weezer - Troublemaker\r\n90. Katy Perry - Hot 'N' Cold\r\n91. Katy Perry - I Kissed A Girl\r\n92. Duffy - Mercy\r\n93. Sharam feat. Daniel Bedingfield - The One\r\n94. David Guetta - Tomorrow Can Wait\r\n95. Flo Rida feat. T-Pain - Low\r\n96. Eddy Wata - I Love My People\r\n97. Ian Oliver feat. Shantel - Bucovina\r\n98. Lexter - Freedom To Love\r\n99. Mondotek - Alive\r\n100. Mondotek - D-Generation\r\n101. Vito V feat. Anna Berardi - Love Is Paradise\r\n102. Bob Sinclar presents Fireball - What I Want\r\n103. Laurent Wolf - No Stress\r\n104. Michael Mind - Show Me Love\r\n105. September - Cry For You\r\n106. Benny Benassi feat. Channing - Come Fly Away\r\n107. Laurent Wolf - Wash My World\r\n108. Whigfield - Right In The Night\r\n109. R.I.O. - Shine On\r\n110. Waldo's People - Back Again\r\n111. The Killers - Human\r\n112. Coldplay - Viva La Vida\r\n113. Akon - Right Now (Na Na)\r\n114. The Real Booty Babes - Derb '08\r\n115. Brooklyn Bouunce - Get Ready To Bounce Recall\r\n116. Britney Spears - Womanizer\r\n117. Cascada - What Hurts The Most\r\n118. Basshunter - All I Ever Wanted\r\n119. Jan Wayne vs. Raindropz! - Numb\r\n120. Basshunter - Now You're Gone\r\n121. Scooter vs. Status Quo - Jump That Rock\r\n122. Scooter - Jumping All Over The World\r\n123. Amy Winehouse - Rehab\r\n124. Metro Station - Shake It\r\n125. Avril Lavigne - The Best Damn Thing\r\n126. Lil' Mama - The G-Slide\r\n127. Pendulum - Propane Nightmares\r\n<p style=\"text-align: center;\"><big><a href=\"https:\/\/www.mixcloud.com\/djbourg\/la-grande-r%C3%A9trospective-musicale-de-lann%C3%A9e-mmviii-yearmix-2008\/\">\u00c9COUTEZ ICI<\/a><\/big>\r\n(sur Mixcloud.com)<\/p>\r\n<p style=\"text-align: center;\"><big><a href=\"https:\/\/dj.bourgy.net\/music\/retro\/retro2008.rar\">T\u00c9L\u00c9CHARGEZ ICI<\/a><\/big>\r\n(Pour ouvrir les fichiers RAR, utilisez <a href=\"https:\/\/www.rarlab.com\/download.htm\">WinRAR)<\/a><\/p>","_fr_post_name":"retro2008","_fr_post_excerpt":"","_fr_post_title":"La Grande R\u00e9trospective Musicale de l'Ann\u00e9e MMVIII (Yearmix 2008)","edit_language":"fr"},"_links":{"self":[{"href":"https:\/\/dj.bourgy.net\/fr\/wp-json\/wp\/v2\/pages\/167"}],"collection":[{"href":"https:\/\/dj.bourgy.net\/fr\/wp-json\/wp\/v2\/pages"}],"about":[{"href":"https:\/\/dj.bourgy.net\/fr\/wp-json\/wp\/v2\/types\/page"}],"author":[{"embeddable":true,"href":"https:\/\/dj.bourgy.net\/fr\/wp-json\/wp\/v2\/users\/1"}],"replies":[{"embeddable":true,"href":"https:\/\/dj.bourgy.net\/fr\/wp-json\/wp\/v2\/comments?post=167"}],"version-history":[{"count":6,"href":"https:\/\/dj.bourgy.net\/fr\/wp-json\/wp\/v2\/pages\/167\/revisions"}],"predecessor-version":[{"id":748,"href":"https:\/\/dj.bourgy.net\/fr\/wp-json\/wp\/v2\/pages\/167\/revisions\/748"}],"wp:attachment":[{"href":"https:\/\/dj.bourgy.net\/fr\/wp-json\/wp\/v2\/media?parent=167"}],"curies":[{"name":"wp","href":"https:\/\/api.w.org\/{rel}","templated":true}]}}